{"id":86,"date":"2019-11-28T20:36:19","date_gmt":"2019-11-28T19:36:19","guid":{"rendered":"http:\/\/microbrasseriedelacrau.com\/?post_type=product&#038;p=86"},"modified":"2022-09-18T20:30:01","modified_gmt":"2022-09-18T18:30:01","slug":"4-big-hop","status":"publish","type":"product","link":"https:\/\/microbrasseriedelacrau.com\/index.php\/produit\/4-big-hop\/","title":{"rendered":"#4 Big Hop"},"content":{"rendered":"","protected":false},"excerpt":{"rendered":"<p>Cette bi\u00e8re brune est g\u00e9n\u00e9reuse et riche en saveur. Tr\u00e8s fruit\u00e9e et houblonn\u00e9e elle \u00e0 des notes \u00e0 la fois torr\u00e9fi\u00e9es mais aussi d&#8217;agrume.<\/p>\n<p>Elle est obtenue par fermentation haute d\u2019une dur\u00e9e de 21 jours puis par une refermentation en bouteille d\u2019au minimum 21 jours. Elle est r\u00e9alis\u00e9e \u00e0 partir de 5 sortes de Malt et 5 sortes de Houblon diff\u00e9rents.<\/p>\n<p>Disponible en bouteille de 33cl.<\/p>\n<p>&nbsp;<\/p>\n","protected":false},"featured_media":662,"comment_status":"open","ping_status":"closed","template":"","meta":{"_mi_skip_tracking":false,"_monsterinsights_sitenote_active":false,"_monsterinsights_sitenote_note":"","_monsterinsights_sitenote_category":0},"product_cat":[22],"product_tag":[30],"yoast_head":"<!-- This site is optimized with the Yoast SEO plugin v21.5 - https:\/\/yoast.com\/wordpress\/plugins\/seo\/ -->\n<title>#4 Big Hop - Microbrasserie de la Crau<\/title>\n<meta name=\"robots\" content=\"index, follow, max-snippet:-1, max-image-preview:large, max-video-preview:-1\" \/>\n<link rel=\"canonical\" href=\"https:\/\/microbrasseriedelacrau.com\/index.php\/produit\/4-big-hop\/\" \/>\n<meta property=\"og:locale\" content=\"fr_FR\" \/>\n<meta property=\"og:type\" content=\"article\" \/>\n<meta property=\"og:title\" content=\"#4 Big Hop - Microbrasserie de la Crau\" \/>\n<meta property=\"og:description\" content=\"Cette bi\u00e8re brune est g\u00e9n\u00e9reuse et riche en saveur. Tr\u00e8s fruit\u00e9e et houblonn\u00e9e elle \u00e0 des notes \u00e0 la fois torr\u00e9fi\u00e9es mais aussi d&#039;agrume.  Elle est obtenue par fermentation haute d\u2019une dur\u00e9e de 21 jours puis par une refermentation en bouteille d\u2019au minimum 21 jours. Elle est r\u00e9alis\u00e9e \u00e0 partir de 5 sortes de Malt et 5 sortes de Houblon diff\u00e9rents.  Disponible en bouteille de 33cl.  &nbsp;\" \/>\n<meta property=\"og:url\" content=\"https:\/\/microbrasseriedelacrau.com\/index.php\/produit\/4-big-hop\/\" \/>\n<meta property=\"og:site_name\" content=\"Microbrasserie de la Crau\" \/>\n<meta property=\"article:publisher\" content=\"https:\/\/www.facebook.com\/Microbrasserie-de-la-Crau-111107707075983\/\" \/>\n<meta property=\"article:modified_time\" content=\"2022-09-18T18:30:01+00:00\" \/>\n<meta property=\"og:image\" content=\"https:\/\/microbrasseriedelacrau.com\/wp-content\/uploads\/2019\/11\/BIGHOP_4-1-1019x1024.png\" \/>\n\t<meta property=\"og:image:width\" content=\"1019\" \/>\n\t<meta property=\"og:image:height\" content=\"1024\" \/>\n\t<meta property=\"og:image:type\" content=\"image\/png\" \/>\n<meta name=\"twitter:card\" content=\"summary_large_image\" \/>\n<script type=\"application\/ld+json\" class=\"yoast-schema-graph\">{\"@context\":\"https:\/\/schema.org\",\"@graph\":[{\"@type\":\"WebPage\",\"@id\":\"https:\/\/microbrasseriedelacrau.com\/index.php\/produit\/4-big-hop\/\",\"url\":\"https:\/\/microbrasseriedelacrau.com\/index.php\/produit\/4-big-hop\/\",\"name\":\"#4 Big Hop - Microbrasserie de la Crau\",\"isPartOf\":{\"@id\":\"https:\/\/microbrasseriedelacrau.com\/#website\"},\"datePublished\":\"2019-11-28T19:36:19+00:00\",\"dateModified\":\"2022-09-18T18:30:01+00:00\",\"breadcrumb\":{\"@id\":\"https:\/\/microbrasseriedelacrau.com\/index.php\/produit\/4-big-hop\/#breadcrumb\"},\"inLanguage\":\"fr-FR\",\"potentialAction\":[{\"@type\":\"ReadAction\",\"target\":[\"https:\/\/microbrasseriedelacrau.com\/index.php\/produit\/4-big-hop\/\"]}]},{\"@type\":\"BreadcrumbList\",\"@id\":\"https:\/\/microbrasseriedelacrau.com\/index.php\/produit\/4-big-hop\/#breadcrumb\",\"itemListElement\":[{\"@type\":\"ListItem\",\"position\":1,\"name\":\"Accueil\",\"item\":\"https:\/\/microbrasseriedelacrau.com\/\"},{\"@type\":\"ListItem\",\"position\":2,\"name\":\"Boutique\",\"item\":\"https:\/\/microbrasseriedelacrau.com\/index.php\/boutique\/\"},{\"@type\":\"ListItem\",\"position\":3,\"name\":\"#4 Big Hop\"}]},{\"@type\":\"WebSite\",\"@id\":\"https:\/\/microbrasseriedelacrau.com\/#website\",\"url\":\"https:\/\/microbrasseriedelacrau.com\/\",\"name\":\"Microbrasserie de la Crau\",\"description\":\"Bi\u00e8re artisanale\",\"publisher\":{\"@id\":\"https:\/\/microbrasseriedelacrau.com\/#organization\"},\"potentialAction\":[{\"@type\":\"SearchAction\",\"target\":{\"@type\":\"EntryPoint\",\"urlTemplate\":\"https:\/\/microbrasseriedelacrau.com\/?s={search_term_string}\"},\"query-input\":\"required name=search_term_string\"}],\"inLanguage\":\"fr-FR\"},{\"@type\":\"Organization\",\"@id\":\"https:\/\/microbrasseriedelacrau.com\/#organization\",\"name\":\"Microbrasserie de la Crau\",\"url\":\"https:\/\/microbrasseriedelacrau.com\/\",\"logo\":{\"@type\":\"ImageObject\",\"inLanguage\":\"fr-FR\",\"@id\":\"https:\/\/microbrasseriedelacrau.com\/#\/schema\/logo\/image\/\",\"url\":\"https:\/\/microbrasseriedelacrau.com\/wp-content\/uploads\/2019\/12\/logo_23.png\",\"contentUrl\":\"https:\/\/microbrasseriedelacrau.com\/wp-content\/uploads\/2019\/12\/logo_23.png\",\"width\":640,\"height\":640,\"caption\":\"Microbrasserie de la Crau\"},\"image\":{\"@id\":\"https:\/\/microbrasseriedelacrau.com\/#\/schema\/logo\/image\/\"},\"sameAs\":[\"https:\/\/www.facebook.com\/Microbrasserie-de-la-Crau-111107707075983\/\"]}]}<\/script>\n<!-- \/ Yoast SEO plugin. -->","yoast_head_json":{"title":"#4 Big Hop - Microbrasserie de la Crau","robots":{"index":"index","follow":"follow","max-snippet":"max-snippet:-1","max-image-preview":"max-image-preview:large","max-video-preview":"max-video-preview:-1"},"canonical":"https:\/\/microbrasseriedelacrau.com\/index.php\/produit\/4-big-hop\/","og_locale":"fr_FR","og_type":"article","og_title":"#4 Big Hop - Microbrasserie de la Crau","og_description":"Cette bi\u00e8re brune est g\u00e9n\u00e9reuse et riche en saveur. Tr\u00e8s fruit\u00e9e et houblonn\u00e9e elle \u00e0 des notes \u00e0 la fois torr\u00e9fi\u00e9es mais aussi d'agrume.  Elle est obtenue par fermentation haute d\u2019une dur\u00e9e de 21 jours puis par une refermentation en bouteille d\u2019au minimum 21 jours. Elle est r\u00e9alis\u00e9e \u00e0 partir de 5 sortes de Malt et 5 sortes de Houblon diff\u00e9rents.  Disponible en bouteille de 33cl.  &nbsp;","og_url":"https:\/\/microbrasseriedelacrau.com\/index.php\/produit\/4-big-hop\/","og_site_name":"Microbrasserie de la Crau","article_publisher":"https:\/\/www.facebook.com\/Microbrasserie-de-la-Crau-111107707075983\/","article_modified_time":"2022-09-18T18:30:01+00:00","og_image":[{"width":1019,"height":1024,"url":"https:\/\/microbrasseriedelacrau.com\/wp-content\/uploads\/2019\/11\/BIGHOP_4-1-1019x1024.png","type":"image\/png"}],"twitter_card":"summary_large_image","schema":{"@context":"https:\/\/schema.org","@graph":[{"@type":"WebPage","@id":"https:\/\/microbrasseriedelacrau.com\/index.php\/produit\/4-big-hop\/","url":"https:\/\/microbrasseriedelacrau.com\/index.php\/produit\/4-big-hop\/","name":"#4 Big Hop - Microbrasserie de la Crau","isPartOf":{"@id":"https:\/\/microbrasseriedelacrau.com\/#website"},"datePublished":"2019-11-28T19:36:19+00:00","dateModified":"2022-09-18T18:30:01+00:00","breadcrumb":{"@id":"https:\/\/microbrasseriedelacrau.com\/index.php\/produit\/4-big-hop\/#breadcrumb"},"inLanguage":"fr-FR","potentialAction":[{"@type":"ReadAction","target":["https:\/\/microbrasseriedelacrau.com\/index.php\/produit\/4-big-hop\/"]}]},{"@type":"BreadcrumbList","@id":"https:\/\/microbrasseriedelacrau.com\/index.php\/produit\/4-big-hop\/#breadcrumb","itemListElement":[{"@type":"ListItem","position":1,"name":"Accueil","item":"https:\/\/microbrasseriedelacrau.com\/"},{"@type":"ListItem","position":2,"name":"Boutique","item":"https:\/\/microbrasseriedelacrau.com\/index.php\/boutique\/"},{"@type":"ListItem","position":3,"name":"#4 Big Hop"}]},{"@type":"WebSite","@id":"https:\/\/microbrasseriedelacrau.com\/#website","url":"https:\/\/microbrasseriedelacrau.com\/","name":"Microbrasserie de la Crau","description":"Bi\u00e8re artisanale","publisher":{"@id":"https:\/\/microbrasseriedelacrau.com\/#organization"},"potentialAction":[{"@type":"SearchAction","target":{"@type":"EntryPoint","urlTemplate":"https:\/\/microbrasseriedelacrau.com\/?s={search_term_string}"},"query-input":"required name=search_term_string"}],"inLanguage":"fr-FR"},{"@type":"Organization","@id":"https:\/\/microbrasseriedelacrau.com\/#organization","name":"Microbrasserie de la Crau","url":"https:\/\/microbrasseriedelacrau.com\/","logo":{"@type":"ImageObject","inLanguage":"fr-FR","@id":"https:\/\/microbrasseriedelacrau.com\/#\/schema\/logo\/image\/","url":"https:\/\/microbrasseriedelacrau.com\/wp-content\/uploads\/2019\/12\/logo_23.png","contentUrl":"https:\/\/microbrasseriedelacrau.com\/wp-content\/uploads\/2019\/12\/logo_23.png","width":640,"height":640,"caption":"Microbrasserie de la Crau"},"image":{"@id":"https:\/\/microbrasseriedelacrau.com\/#\/schema\/logo\/image\/"},"sameAs":["https:\/\/www.facebook.com\/Microbrasserie-de-la-Crau-111107707075983\/"]}]}},"jetpack_sharing_enabled":true,"_links":{"self":[{"href":"https:\/\/microbrasseriedelacrau.com\/index.php\/wp-json\/wp\/v2\/product\/86"}],"collection":[{"href":"https:\/\/microbrasseriedelacrau.com\/index.php\/wp-json\/wp\/v2\/product"}],"about":[{"href":"https:\/\/microbrasseriedelacrau.com\/index.php\/wp-json\/wp\/v2\/types\/product"}],"replies":[{"embeddable":true,"href":"https:\/\/microbrasseriedelacrau.com\/index.php\/wp-json\/wp\/v2\/comments?post=86"}],"wp:featuredmedia":[{"embeddable":true,"href":"https:\/\/microbrasseriedelacrau.com\/index.php\/wp-json\/wp\/v2\/media\/662"}],"wp:attachment":[{"href":"https:\/\/microbrasseriedelacrau.com\/index.php\/wp-json\/wp\/v2\/media?parent=86"}],"wp:term":[{"taxonomy":"product_cat","embeddable":true,"href":"https:\/\/microbrasseriedelacrau.com\/index.php\/wp-json\/wp\/v2\/product_cat?post=86"},{"taxonomy":"product_tag","embeddable":true,"href":"https:\/\/microbrasseriedelacrau.com\/index.php\/wp-json\/wp\/v2\/product_tag?post=86"}],"curies":[{"name":"wp","href":"https:\/\/api.w.org\/{rel}","templated":true}]}}