{"id":929,"date":"2021-10-14T19:30:13","date_gmt":"2021-10-14T17:30:13","guid":{"rendered":"https:\/\/microbrasseriedelacrau.com\/?post_type=product&#038;p=929"},"modified":"2025-04-22T12:03:22","modified_gmt":"2025-04-22T10:03:22","slug":"9-tipt-hop-75-cl","status":"publish","type":"product","link":"https:\/\/microbrasseriedelacrau.com\/index.php\/produit\/9-tipt-hop-75-cl\/","title":{"rendered":"#9 Tipt Hop 75 cl"},"content":{"rendered":"","protected":false},"excerpt":{"rendered":"<p>Bi\u00e8re brune (IPA Noire) r\u00e9alis\u00e9e \u00e0 partir de 2 sortes de Malts et 2 sortes de Houblons.<\/p>\n<p>Elle est facile \u00e0 boire avec des notes d&#8217;agrume et de caf\u00e9 avec une l\u00e9g\u00e8re amertume en fin de bouche apport\u00e9e par une courte infusion de foin de Crau.<\/p>\n<p>Elle est obtenue par fermentation haute d\u2019une dur\u00e9e de 21 jours puis par une refermentation en bouteille d\u2019au minimum 21 jours.<\/p>\n<p>Disponible en bouteille de 75cl.<\/p>\n<p>&nbsp;<\/p>\n","protected":false},"featured_media":1154,"comment_status":"open","ping_status":"closed","template":"","meta":{"_mi_skip_tracking":false,"_monsterinsights_sitenote_active":false,"_monsterinsights_sitenote_note":"","_monsterinsights_sitenote_category":0},"product_cat":[22],"product_tag":[30],"yoast_head":"<!-- This site is optimized with the Yoast SEO plugin v21.5 - https:\/\/yoast.com\/wordpress\/plugins\/seo\/ -->\n<title>#9 Tipt Hop 75 cl - Microbrasserie de la Crau<\/title>\n<meta name=\"robots\" content=\"index, follow, max-snippet:-1, max-image-preview:large, max-video-preview:-1\" \/>\n<link rel=\"canonical\" href=\"https:\/\/microbrasseriedelacrau.com\/index.php\/produit\/9-tipt-hop-75-cl\/\" \/>\n<meta property=\"og:locale\" content=\"fr_FR\" \/>\n<meta property=\"og:type\" content=\"article\" \/>\n<meta property=\"og:title\" content=\"#9 Tipt Hop 75 cl - Microbrasserie de la Crau\" \/>\n<meta property=\"og:description\" content=\"Bi\u00e8re brune (IPA Noire) r\u00e9alis\u00e9e \u00e0 partir de 2 sortes de Malts et 2 sortes de Houblons.  Elle est facile \u00e0 boire avec des notes d&#039;agrume et de caf\u00e9 avec une l\u00e9g\u00e8re amertume en fin de bouche apport\u00e9e par une courte infusion de foin de Crau.  Elle est obtenue par fermentation haute d\u2019une dur\u00e9e de 21 jours puis par une refermentation en bouteille d\u2019au minimum 21 jours.  Disponible en bouteille de 75cl.  &nbsp;\" \/>\n<meta property=\"og:url\" content=\"https:\/\/microbrasseriedelacrau.com\/index.php\/produit\/9-tipt-hop-75-cl\/\" \/>\n<meta property=\"og:site_name\" content=\"Microbrasserie de la Crau\" \/>\n<meta property=\"article:publisher\" content=\"https:\/\/www.facebook.com\/Microbrasserie-de-la-Crau-111107707075983\/\" \/>\n<meta property=\"article:modified_time\" content=\"2025-04-22T10:03:22+00:00\" \/>\n<meta property=\"og:image\" content=\"https:\/\/microbrasseriedelacrau.com\/wp-content\/uploads\/2021\/10\/GrdeTiptHop-1.png\" \/>\n\t<meta property=\"og:image:width\" content=\"560\" \/>\n\t<meta property=\"og:image:height\" content=\"1400\" \/>\n\t<meta property=\"og:image:type\" content=\"image\/png\" \/>\n<meta name=\"twitter:card\" content=\"summary_large_image\" \/>\n<script type=\"application\/ld+json\" class=\"yoast-schema-graph\">{\"@context\":\"https:\/\/schema.org\",\"@graph\":[{\"@type\":\"WebPage\",\"@id\":\"https:\/\/microbrasseriedelacrau.com\/index.php\/produit\/9-tipt-hop-75-cl\/\",\"url\":\"https:\/\/microbrasseriedelacrau.com\/index.php\/produit\/9-tipt-hop-75-cl\/\",\"name\":\"#9 Tipt Hop 75 cl - Microbrasserie de la Crau\",\"isPartOf\":{\"@id\":\"https:\/\/microbrasseriedelacrau.com\/#website\"},\"datePublished\":\"2021-10-14T17:30:13+00:00\",\"dateModified\":\"2025-04-22T10:03:22+00:00\",\"breadcrumb\":{\"@id\":\"https:\/\/microbrasseriedelacrau.com\/index.php\/produit\/9-tipt-hop-75-cl\/#breadcrumb\"},\"inLanguage\":\"fr-FR\",\"potentialAction\":[{\"@type\":\"ReadAction\",\"target\":[\"https:\/\/microbrasseriedelacrau.com\/index.php\/produit\/9-tipt-hop-75-cl\/\"]}]},{\"@type\":\"BreadcrumbList\",\"@id\":\"https:\/\/microbrasseriedelacrau.com\/index.php\/produit\/9-tipt-hop-75-cl\/#breadcrumb\",\"itemListElement\":[{\"@type\":\"ListItem\",\"position\":1,\"name\":\"Accueil\",\"item\":\"https:\/\/microbrasseriedelacrau.com\/\"},{\"@type\":\"ListItem\",\"position\":2,\"name\":\"Boutique\",\"item\":\"https:\/\/microbrasseriedelacrau.com\/index.php\/boutique\/\"},{\"@type\":\"ListItem\",\"position\":3,\"name\":\"#9 Tipt Hop 75 cl\"}]},{\"@type\":\"WebSite\",\"@id\":\"https:\/\/microbrasseriedelacrau.com\/#website\",\"url\":\"https:\/\/microbrasseriedelacrau.com\/\",\"name\":\"Microbrasserie de la Crau\",\"description\":\"Bi\u00e8re artisanale\",\"publisher\":{\"@id\":\"https:\/\/microbrasseriedelacrau.com\/#organization\"},\"potentialAction\":[{\"@type\":\"SearchAction\",\"target\":{\"@type\":\"EntryPoint\",\"urlTemplate\":\"https:\/\/microbrasseriedelacrau.com\/?s={search_term_string}\"},\"query-input\":\"required name=search_term_string\"}],\"inLanguage\":\"fr-FR\"},{\"@type\":\"Organization\",\"@id\":\"https:\/\/microbrasseriedelacrau.com\/#organization\",\"name\":\"Microbrasserie de la Crau\",\"url\":\"https:\/\/microbrasseriedelacrau.com\/\",\"logo\":{\"@type\":\"ImageObject\",\"inLanguage\":\"fr-FR\",\"@id\":\"https:\/\/microbrasseriedelacrau.com\/#\/schema\/logo\/image\/\",\"url\":\"https:\/\/microbrasseriedelacrau.com\/wp-content\/uploads\/2019\/12\/logo_23.png\",\"contentUrl\":\"https:\/\/microbrasseriedelacrau.com\/wp-content\/uploads\/2019\/12\/logo_23.png\",\"width\":640,\"height\":640,\"caption\":\"Microbrasserie de la Crau\"},\"image\":{\"@id\":\"https:\/\/microbrasseriedelacrau.com\/#\/schema\/logo\/image\/\"},\"sameAs\":[\"https:\/\/www.facebook.com\/Microbrasserie-de-la-Crau-111107707075983\/\"]}]}<\/script>\n<!-- \/ Yoast SEO plugin. -->","yoast_head_json":{"title":"#9 Tipt Hop 75 cl - Microbrasserie de la Crau","robots":{"index":"index","follow":"follow","max-snippet":"max-snippet:-1","max-image-preview":"max-image-preview:large","max-video-preview":"max-video-preview:-1"},"canonical":"https:\/\/microbrasseriedelacrau.com\/index.php\/produit\/9-tipt-hop-75-cl\/","og_locale":"fr_FR","og_type":"article","og_title":"#9 Tipt Hop 75 cl - Microbrasserie de la Crau","og_description":"Bi\u00e8re brune (IPA Noire) r\u00e9alis\u00e9e \u00e0 partir de 2 sortes de Malts et 2 sortes de Houblons.  Elle est facile \u00e0 boire avec des notes d'agrume et de caf\u00e9 avec une l\u00e9g\u00e8re amertume en fin de bouche apport\u00e9e par une courte infusion de foin de Crau.  Elle est obtenue par fermentation haute d\u2019une dur\u00e9e de 21 jours puis par une refermentation en bouteille d\u2019au minimum 21 jours.  Disponible en bouteille de 75cl.  &nbsp;","og_url":"https:\/\/microbrasseriedelacrau.com\/index.php\/produit\/9-tipt-hop-75-cl\/","og_site_name":"Microbrasserie de la Crau","article_publisher":"https:\/\/www.facebook.com\/Microbrasserie-de-la-Crau-111107707075983\/","article_modified_time":"2025-04-22T10:03:22+00:00","og_image":[{"width":560,"height":1400,"url":"https:\/\/microbrasseriedelacrau.com\/wp-content\/uploads\/2021\/10\/GrdeTiptHop-1.png","type":"image\/png"}],"twitter_card":"summary_large_image","schema":{"@context":"https:\/\/schema.org","@graph":[{"@type":"WebPage","@id":"https:\/\/microbrasseriedelacrau.com\/index.php\/produit\/9-tipt-hop-75-cl\/","url":"https:\/\/microbrasseriedelacrau.com\/index.php\/produit\/9-tipt-hop-75-cl\/","name":"#9 Tipt Hop 75 cl - Microbrasserie de la Crau","isPartOf":{"@id":"https:\/\/microbrasseriedelacrau.com\/#website"},"datePublished":"2021-10-14T17:30:13+00:00","dateModified":"2025-04-22T10:03:22+00:00","breadcrumb":{"@id":"https:\/\/microbrasseriedelacrau.com\/index.php\/produit\/9-tipt-hop-75-cl\/#breadcrumb"},"inLanguage":"fr-FR","potentialAction":[{"@type":"ReadAction","target":["https:\/\/microbrasseriedelacrau.com\/index.php\/produit\/9-tipt-hop-75-cl\/"]}]},{"@type":"BreadcrumbList","@id":"https:\/\/microbrasseriedelacrau.com\/index.php\/produit\/9-tipt-hop-75-cl\/#breadcrumb","itemListElement":[{"@type":"ListItem","position":1,"name":"Accueil","item":"https:\/\/microbrasseriedelacrau.com\/"},{"@type":"ListItem","position":2,"name":"Boutique","item":"https:\/\/microbrasseriedelacrau.com\/index.php\/boutique\/"},{"@type":"ListItem","position":3,"name":"#9 Tipt Hop 75 cl"}]},{"@type":"WebSite","@id":"https:\/\/microbrasseriedelacrau.com\/#website","url":"https:\/\/microbrasseriedelacrau.com\/","name":"Microbrasserie de la Crau","description":"Bi\u00e8re artisanale","publisher":{"@id":"https:\/\/microbrasseriedelacrau.com\/#organization"},"potentialAction":[{"@type":"SearchAction","target":{"@type":"EntryPoint","urlTemplate":"https:\/\/microbrasseriedelacrau.com\/?s={search_term_string}"},"query-input":"required name=search_term_string"}],"inLanguage":"fr-FR"},{"@type":"Organization","@id":"https:\/\/microbrasseriedelacrau.com\/#organization","name":"Microbrasserie de la Crau","url":"https:\/\/microbrasseriedelacrau.com\/","logo":{"@type":"ImageObject","inLanguage":"fr-FR","@id":"https:\/\/microbrasseriedelacrau.com\/#\/schema\/logo\/image\/","url":"https:\/\/microbrasseriedelacrau.com\/wp-content\/uploads\/2019\/12\/logo_23.png","contentUrl":"https:\/\/microbrasseriedelacrau.com\/wp-content\/uploads\/2019\/12\/logo_23.png","width":640,"height":640,"caption":"Microbrasserie de la Crau"},"image":{"@id":"https:\/\/microbrasseriedelacrau.com\/#\/schema\/logo\/image\/"},"sameAs":["https:\/\/www.facebook.com\/Microbrasserie-de-la-Crau-111107707075983\/"]}]}},"jetpack_sharing_enabled":true,"_links":{"self":[{"href":"https:\/\/microbrasseriedelacrau.com\/index.php\/wp-json\/wp\/v2\/product\/929"}],"collection":[{"href":"https:\/\/microbrasseriedelacrau.com\/index.php\/wp-json\/wp\/v2\/product"}],"about":[{"href":"https:\/\/microbrasseriedelacrau.com\/index.php\/wp-json\/wp\/v2\/types\/product"}],"replies":[{"embeddable":true,"href":"https:\/\/microbrasseriedelacrau.com\/index.php\/wp-json\/wp\/v2\/comments?post=929"}],"wp:featuredmedia":[{"embeddable":true,"href":"https:\/\/microbrasseriedelacrau.com\/index.php\/wp-json\/wp\/v2\/media\/1154"}],"wp:attachment":[{"href":"https:\/\/microbrasseriedelacrau.com\/index.php\/wp-json\/wp\/v2\/media?parent=929"}],"wp:term":[{"taxonomy":"product_cat","embeddable":true,"href":"https:\/\/microbrasseriedelacrau.com\/index.php\/wp-json\/wp\/v2\/product_cat?post=929"},{"taxonomy":"product_tag","embeddable":true,"href":"https:\/\/microbrasseriedelacrau.com\/index.php\/wp-json\/wp\/v2\/product_tag?post=929"}],"curies":[{"name":"wp","href":"https:\/\/api.w.org\/{rel}","templated":true}]}}